{"id":925,"date":"2019-07-06T19:06:05","date_gmt":"2019-07-06T19:06:05","guid":{"rendered":"https:\/\/loreleipepi.com\/news\/?page_id=925"},"modified":"2019-11-02T21:19:56","modified_gmt":"2019-11-02T21:19:56","slug":"filmography","status":"publish","type":"page","link":"http:\/\/loreleipepi.com\/news\/filmography\/","title":{"rendered":"films + press"},"content":{"rendered":"\r\n<p><strong>FILMOGRAPHY \/ PROJECTS<\/strong><br \/>2015 \u2013 current&nbsp;&nbsp; Docile Bodies, mixed-media interactive animation installation<br \/>Examining the human relationship to the virtual 3D digital female body found in online markets<br \/><br \/>2014 Happy &amp; Gay animated film, 10.12 minutes, 2D Digital, stereo, black and white; 16:9 <br \/>A revisionist history 1930\u2019s cartoon about homophobia and stereotype. <br \/><br \/>2012 Mt. Oberlins Apology, online digital text and image<br \/>Enact: Art in the Mind online exhibition, conceptual art performance proposal <br \/><br \/>2005 Dem Bones Wiggle animated film, 1.0 minutes, digital, colour, mono, 4:3<br \/>Animated human bodies in skeleton costumes dance to Tiny Parham\u2019s song, Washboard Wiggle (1932) <br \/><br \/>2003 Fortune Teller Mixed-media installation<br \/>A circus tent holds a fortune-telling experience for the viewer.<br \/>Mixed media installation; animated media, display screen, tent, soft sculpture, printed material <br \/><br \/>1998 Grace animated experimental film, 06.5 minutes, 16mm film, colour, mono, 4:3<br \/>The transformations of balance and imbalance between flesh and soul.<\/p>\r\n\r\n<p><strong>DISTRIBUTION<\/strong> <br \/>Peccadillo Pictures <a href=\"http:\/\/www.peccapics.com\/\" target=\"_blank\" rel=\"noopener noreferrer\">www.peccapics.com<\/a>&nbsp; United Kingdom <br \/>OutPlay Films <a href=\"http:\/\/www.outplayfilms.com\/\">www.outplayfilms.com<\/a> France <br \/>OUTtv Media <a href=\"http:\/\/www.out.tv\/be\/\" target=\"_blank\" rel=\"noopener noreferrer\">www.out.tv\/be\/<\/a> The Netherlands<\/p>\r\n\r\n\r\n\r\n<p><strong>REVIEWS, <em>Happy &amp; Gay<\/em><\/strong><br \/>2018 <a href=\"https:\/\/loreleipepi.com\/news\/wp-content\/uploads\/2019\/07\/Keep-it-in-Motion-Classic-Animation-Revisited_-Grace-_-Animation-World-Network.pdf\">Keep it in Motion<\/a> &#8211; Classic Animation Revisited: &#8216;Grace\u2019, Animation World Network Magazine, Chris Robinson<br \/>2018 <a href=\"https:\/\/loreleipepi.com\/news\/wp-content\/uploads\/2019\/07\/I-Have-A-Question-Lorelei-Pepi-_-Animation-World-Network.pdf\">I Have A Question: Lorelei Pepi<\/a> Animation World Network, by Chris Robinson<br \/>2017 <a href=\"https:\/\/loreleipepi.com\/news\/wp-content\/uploads\/2019\/07\/Mincho_In_Motion-LGBT-HappyandGay.pdf\">Happy My Way, Animating Diversity<\/a>, by Glenn Sheehan, Mincho Magazine<br \/>2017 <a href=\"https:\/\/loreleipepi.com\/news\/wp-content\/uploads\/2019\/07\/2017_GayStarNews_Cartoon-Misadventures-With-a-Gay-Twist.pdf\">Cartoon Misadventures With a Gay Twist<\/a>, by Gareth Johnson, Gay Star News<br \/>2017 <a href=\"https:\/\/loreleipepi.com\/news\/wp-content\/uploads\/2019\/07\/2017_Rolling-Stone-Mag_Cuphead.pdf\">&#8216;Cuphead&#8217; Why 1930s Animation Continues to Grip Contemporary Culture<\/a>, Rolling Stone Mag, by Jacob Kleinman<br \/>2017 <a href=\"https:\/\/loreleipepi.com\/news\/wp-content\/uploads\/2019\/07\/2017_Eye-For-Film-Review_Happy-and-Gay.pdf\">Eye for Film Review of \u201cHappy &amp; Gay,&#8221;<\/a> by Jennie Kermode, Eye for Film<br \/>2017 <a href=\"https:\/\/loreleipepi.com\/news\/wp-content\/uploads\/2019\/07\/2017_BigGayPicturesShow_Review_GirlsOnFilm2.pdf\">The Lesbian Short Film Collection is Back<\/a>, by Tim Isaac, Big Gay Picture Show<br \/>2016 <a href=\"https:\/\/loreleipepi.com\/news\/wp-content\/uploads\/2019\/07\/2016_Indianapolis-Indy-Star-Article.pdf\">Animated Shorts at LGBT Film Festival Focus on Acceptance<\/a>, by Ross Reagan, Indy Star<br \/>2014 <a href=\"https:\/\/loreleipepi.com\/news\/wp-content\/uploads\/2019\/07\/2014_DailyXtra_Intrvw_LPepi_HapGay.pdf\">Happy and Gay at the Animation Festival<\/a>, by Julie Cruikshank, Daily Xtra<br \/><br \/><\/p>\r\n<p><strong>REVIEWS, <em>Grace<\/em><\/strong> <br \/>2014&nbsp; The Animation Pimp: The Kids Are Eating It Up, By Chris Robinson, Animation World Network <br \/>2001&nbsp; Animation World Network; June 26; Those Who Shall Be: The New Faces Under the Animation Sun&#8221; by Chris Robinson <br \/>2001&nbsp; Fresh From the Festivals, select film reviews, by Dr. Maureen Furniss, Animation World Network online July 20, 2001 <br \/>2000&nbsp; Lucky 13, The Thirteenth MIX Festival, by Mark J. Huisman, The Independent Film &amp; Video Monthly, March 2000<br \/>2000&nbsp; From Michigan With Love, Ann Arbour Festival Returns to Foothill College, by Susan Tavernetti, Palo Alto Weekly July 21, 2000<br \/>1999&nbsp; ASIFA Festival Reports, by Amy Kravits, International Association Animation Film Society<br \/>1999&nbsp; Der Duft der grossen weiten Welt in Baden Fantoche, by Hans J\u00fcrg Zinsli, Limmattaler Tagblatt, (coverage of my 2nd prize Fantoche Festival award)<\/p>\r\n\r\n\r\n\r\n<p><strong>VIDEO INTERVIEWS<\/strong><br \/>2015 &nbsp;<a href=\"https:\/\/www.youtube.com\/watch?v=riIhGxBSvRM\">Vancouver Int&#8217;l Women in Film Festival<\/a><br \/>2017&nbsp; Cartoon Misadventures With a Gay Twist, Short Film Happy and Gay puts LGBTI characters in the spotlight. Gareth Johnson, Interviewer, Gay Star News, 11-15-2017<br \/>2015&nbsp; Vancouver Int&#8217;l Women in Film Festival youtube weblink<br \/>2006&nbsp; Art-Toons: Film Animator and Harvard Professor, Lorelei Pepi, Amanda Axelson, New England Film,&nbsp; 04-05-2006<br \/>2005&nbsp; The Raging debate Over Spongebob\u2019s Sexuality, Diversity and Distinction, Harvard College Press vol 10 number 3, 2005<br \/><br \/><strong>SCHOLARLY STUDIES<\/strong><br \/>2011 Deseos Desiguales, Igual Deseo: Proceso de Realizac\u00edon de un Cortometraje de Animac\u00edon de Tem\u00e1tica Homosexual, by Emilio Mart\u00ed Lop\u00e9z, MFA Thesis, Universidad Polit\u00e9cnica de Valencia<br \/>2008 The Animation Bible, chp. 13 Digital Visions, case study: Lorelei Pepi; by Maureen Furniss; L King Publishing<br \/>2003 &#8220;The Feminine Vision of the World: the Alchemical Conjunctio Link and its Way of Expression in Animation&#8221; by Susana <br \/>Maria Grace Ramos; PhD thesis, Universidad de Espana<\/p>\r\n<p><strong>COLLECTIONS<\/strong><br \/>Sundance Institute Collections, UCLA<br \/>California Institute of the Arts, Valencia, CA<br \/>Canadian National Film Archives, Montreal, Canada<br \/>University of California, Los Angeles CA<br \/>Evergreen College, Oregon<\/p>\r\n\r\n\r\n\r\n<p><strong>HAPPY &amp; GAY (2014) FESTIVAL AWARDS<\/strong><br \/>Jury Award for Best Animation: Rio Gay Festival du Cinema, Brazil, 2015<br \/>Jury Award for Best Short Film: <a href=\"http:\/\/www.lesgaicinemad.com\/\">Les Gai CineMad: Madrid LGBT Film Fest<\/a>; 2014<br \/>Jury Award for Best Animation: <a href=\"http:\/\/outonfilm.org\/Films.html\">Atlanta Out On Film Festival<\/a>; Atlanta Georgia USA; <br \/>2015 Public Award for Best Short: <a href=\"http:\/\/www.usnexpo.it\/usn-2015\/\" target=\"_blank\" rel=\"noopener noreferrer\">Sardinia Queer Short Film Festival<\/a>, Sardinia, Italy<br \/>Audience Award: <a href=\"http:\/\/outonfilm.org\/Films.html\">Atlanta Out On Film Festival<\/a> Nov, 2014, Atlanta Georgia USA; 2014<br \/>Award for Best Animation: <a href=\"http:\/\/www.image-nation.org\">Image+Nation LGBT Cinema Festival, Montreal<\/a>; 2015<br \/>Special Mention, Can[Be] Gay, Festival de Cine LGBTIQ de Canarias; 2015<\/p>\r\n\r\n\r\n\r\n<p><strong>GRACE (1997) FESTIVAL AWARDS<\/strong><br \/>Grand Prix &#8220;Best of Festival,&#8221; Student Animation Festival of Ottawa 1999 (SAFO) \/\/ Grace<br \/>2nd Place, Experimental Film, The World Animation Celebration \/\/ Grace<br \/>2nd Grand Prize, &#8220;High Risk&#8221;, Fantoche&nbsp; 1999 Baden, Switzerland \/\/ Grace<br \/>2nd Place, Experimental Film, The World Animation Celebration \/\/ Grace<br \/>2nd Prize, Experimental Film, Big Muddy Film Festival, Experimental Shorts \/\/ Grace<br \/>2nd Place, Exp Film Award, SXSW, Experimental Shorts \/\/ Grace<br \/>Special Jury Prize , Holland Animation Festival \/\/ Grace<br \/>Director&#8217;s Citation, Black Maria \/\/ Grace<br \/>Honorable Mention, Ann Arbor Film Festival \/\/ Grace<\/p>\r\n\r\n\r\n\r\n<p><strong>HAPPY &amp; GAY (2014) SPECIAL PROGRAMMING<\/strong><br \/>Girls go BOOM (nightclub media events), Netherlands, various locations 2018<br \/>XIII International &#8220;Cortoons&#8221; Animation Film Festival, LGBTI screening, Valencia Spain 2017<br \/>Centre Evolutif Lilith, Lesbian Filmmakers Series, Marseille France 2017<br \/>Bagdam Espace lesbian, Lesbian Springtime&nbsp;Program, Toulouse, France 2017<br \/>SESC, social-cultural programming, LGBTQ theme, Oc 4 \u2013 29. An education leader is present daily to facilitate educational dialogue. S\u00e3o Paulo, Brazil 2017<br \/>\u201cWomen Filmmakers from Cineffable Festival\u201d Centre Evolutif Lilith, Marseilles France 2017<br \/>Art + Social Justice Film Series: LGBQIA+ Awareness| Lunder Arts Center 2016<br \/>Best of Les Gai Cinemad, at Festival Internacional de Cortometrajes Ciudad de Soria, 2016<br \/>Queers in Shorts, Cambridge UK 2015<br \/>Cine Radicals, Santiago Chile 2015<br \/>Asterisco Itinerante, Chile, Embassy Touring Program on LGBT Human Rights 2015<br \/>Diversanima, touring Chile and Latin America (various) 2015<br \/>\u201cThe Kids Are Alright\u201d, Ottawa Animation Festival, Ottawa CAN 2013<br \/>\u201cBest Of\u201d, Fantoche Animation Festival, Baden, Switzerland, 2012<br \/>\u201cNew England Animators\u201d Institute of Contemporary Art, Boston; curator, Branka Bogdanov, MA 2009<br \/>\u201cInternational Animated Film Festival of Catalonia\u201d ; Animac Festival; Catalonia, Spain 2007<br \/>\u201cWhen Animation Meets the Living\u201d; Wissembourg 2011, Zagreb 2007, Cinematheque Quebecoise 2006, Annecy 2006<br \/>\u201cWords In Motion\u201d \/ Transformation\u201d Ottawa Animation Festival, CAN 2004<br \/>\u201cScratch \/ Scratching the Sex\u201d Rotterdam Film Festival, 2001<br \/>\u201cRoratorio for Paris\/Berlin\u201d Independent Exposure, 2001<br \/>\u201cBest of MadCat\u201d MadCat USA Tour, 2000<br \/>\u201cNext Sex: Sex in the Age of Its Procreative Superfluousness\u201d Ars Electronica \/ Mix NY, 2000 \r\n\r\n<\/p>\r\n<p><strong>HAPPY &amp; GAY (2014) SCREENINGS, Official Selection in Competition<\/strong><br \/>Siggraph Asia (Shenzen, China) Nov, 2014 Shenzen China 2014<br \/>ANIMATOR \/ 2015 The 8th International Animated Film Festival, Poland, Poznan 2014<br \/>Image+Nation LGBT Cinema Festival, Montreal 2014<br \/>InsideOut Toronto 2014<br \/>In&amp;Out LGBT Film festival 2014<br \/>Bilbao Festival of Documentary &amp; Short Films-ZINEBI, Spain 2014<br \/>Festival Int&#8217;l Derechos Humanos y Cine Venezuela, Venezula&nbsp; 2014<br \/>Merlinka Int&#8217;l Queer Film Festival, Belgrade 2014<br \/>Diversanima, Film Festival of Sexual Diversity, Santiago Chile 2014 www.diversanima.cl<br \/>Anim&#8217;Est Int&#8217;l Animation Film Festival, Romania 2014<br \/>Atlanta Out On Film Festival, USA 2014<br \/>Atlantic Film Festival, Nova Scotia 2014<br \/>Athens AnimFest, Greece 2014<br \/>Boston LGBT Film Festival 2014<br \/>Holebi Queer Film Festival, Germany 2014<br \/>Can[Be]Gay: Festival Int\u2019l de CineLGBTIQ de Canarias, Canary Islands 2014<br \/>La Asociaci\u00f3n de Mujeres de Urdaibai Kukubedarra, Spain 2014&nbsp; kukubedarra.blogspot.com<br \/>Frameline39: San Fran Int&#8217;l LGBT Film Festival 2015<br \/>Asterisco Festival Internacional de Cine de LGBTIQ, Argentina 2015 www.festivalasterisco.gob.ar<br \/>Roze FilmDagen, Amsterdam Gay &amp; Lesbian Film Festival, Holland 2015<br \/>Turin Gay &amp; Lesbian Film Festival, Italy 2015<br \/>Vancouver Int\u2019l Women in Film Festival 2015<br \/>Torino LGBT Film Festival, Italy 2015<br \/>Women in Film Festival, Florida US 2015<br \/>ANIMATE 2015, Poland 2015<br \/>Curadoria e Dire\u00e7\u00e3o do Rio Festival Gay de Cinema&nbsp;2015<br \/>Alice Springs Pride Carnivale Screenings 2015<br \/>Festival de Cine de la Diversidad 2015<br \/>Homochrom Film Festival, Germany 2015 www.homochrom.de<br \/>InDPanda International Film Festival, Hong Kong 2015<br \/>El Lugar Sin Limites, Festival Internacional de Cine LGBTI Ecuador 2015 www.elugarsinlimites.net<br \/>Feminist and Queer International Film Festival, Romania, Bucharest 2015&nbsp; http:\/\/faqiff.ro<br \/>Reeling: The Chicago LGBTQ+ International Film Festival 2015 http:\/\/www.reelingfilfmestival.org<br \/>ReelQ, Pittsburgh LGBT Film Fest 2015&nbsp; www.ReelQ.org<br \/>Helsinki Short Film Festival, Finland 2015 http:\/\/ww.hlef.fi<br \/>Sardinia Queer Short Film Festival, Sardinia 2015&nbsp; www.usnexpo.it\/<br \/>Florence LGBT Film Festival: VideoQueer 2015, Florence Italy 2015 www.florencequeerfestival.it<br \/>Darwin Pride Festival, Australia 2015 www.darwinpride.com.au\/<br \/>Seattle Lesbian &amp; Gay Film Festival, Washington USA 2015 www.threedollarbillcinema.org<br \/>Vinokino LGBT Film Festival, Finland 2015&nbsp; www.vinokino.fi\/en\/home<br \/>Fargo-Moorhead LGBT Film Festival, N. Dakota USA 2015 www.fmlgbtff.com\/<br \/>Chaplin Film Festival, Ireland 2015 chaplinfilmfestival.com<br \/>Puerto Rico Queer Filmfest, Puerto Rico USA 2015&nbsp; www.puertoricoqueerfilmfest.com<br \/>2016<br \/>Melbourne Queer Film Festival&nbsp;&nbsp; 2016 http:\/\/www.mqff.com.au\/<\/p>\r\n<p><strong>Dem Bones Wiggle (2005): SCREENINGS<\/strong><br \/>Festival of Contemporary Animation: New England Animators: Lorelei Pepi, Daniel Sousa, and Nancy Andrews, Rhode Island College, 2009<br \/>Balagan New Local Shorts, Coolidge Corner Theatre, 2006 \r\n\r\n<\/p>\r\n<p><br \/><strong>GRACE (1997): SCREENINGS, Official Selection in Competition<br \/><\/strong> <br \/>Sundance Film Festival, Frontier Shorts Program, Park City, Utah<br \/>International Student Animation Festival of Ottawa, Canada <br \/>Rotterdam International Film Festival, &#8220;Scratching the Sex&#8221; Program, Rotterdam, The Netherlands<br \/>Oberhausen Short Film Festival, Filmothek Section, Official Competition, Oberhausen, Germany<br \/>Annecy 2000, Annecy, France<br \/>Holland Animation Festival, Utrecht, Holland<br \/>Ottawa 2000 Animation Film Festival, Ottawa, Canada<br \/>The World Animation Celebration Los Angeles, CA<br \/>Big Muddy Film Festival, Experimental Shorts Competition, IL<br \/>South By Southwest \/ SXSW, Austin, TX<br \/>Ann Arbor Film Festival, MI USA<br \/>Atlanta Film Festival, GA USA<br \/>G\u00f6teberg International Film Festival, Goteberg, Germany<br \/>Images du Nouveau Monde, Quebec, ON<br \/>Images International Film Festival, Toronto, ON<br \/>MadCat Womens&#8217; Film Festival, San Francisco, CA<br \/>2nd Internationales Trickfilm of Weisbaden, Germany<br \/>Inside Out; the Gay and Lesbian Film Festival of Toronto, ON<br \/>Florida Film Festival, FL<br \/>Chicago Underground Film Festival, IL<br \/>ImageOut Rochester, NY<br \/>Fantoche, Baden, Switzerland <br \/>Festival International du Nouveau Cinema et des Nouveaux Medias de Montreal, ON<br \/>Anima Mundi, Official Competition, Rio de Janeiro, Brazil <br \/>International Leipzig Festival for Documentary and Animation, Leipzig, Germany <br \/>MIX NYC, NYC USA <br \/>MadCat Women\u2019s Film Festival, San Francisco, CA USA <br \/>Los Angeles Outfest, LA CA USA <br \/>Cinema Texas International Short Film and Video Festival, TX USA<\/p>\r\n\r\n\r\n\r\n<p><strong>GRACE (1997): SPECIAL PROGRAMMING selections<\/strong><br \/>Heart in Mind: Mait Laas, DOK Festival, Leipzig Germany 2019<br \/>\u201cThe Kids Are Alright\u201d, Ottawa Animation Festival, Ottawa CAN 2013 <br \/>\u201cBest Of\u201d, Fantoche Animation Festival, Baden, Switzerland, 2012<br \/>\u201cNew England Animators\u201d Institute of Contemporary Art, Boston; curator, Branka Bogdanov, MA 2009<br \/>\u201cInternational Animated Film Festival of Catalonia\u201d ; Animac Festival; Catalonia, Spain 2007<br \/>\u201cForeign Bodies\u201d Aurora 2007, Possible Worlds Festival; Norwich, England 2007<br \/>\u201cInternational Animated Film Festival of Catalonia\u201d ; Animac Festival; Catalonia, Spain 2007<br \/>\u201cWhen Animation Meets the Living\u201d Experimental Film and Video Festival; Zagreb, Croatia 2007<br \/>\u201cPoetry In Motion\u201d Ottawa Animation Film festival; Ottawa, Canada 2007<br \/>\u201cWhen Animation Meets the Living\u201d Cinematheque Quebecoise; Montr\u00e9al, Canada 2006<br \/>\u201cWhen Animation Meets the Living\u201d Annecy Animation Festival; Annecy, France 2006<br \/>\u201cAnimation Show\u201d Magic Lantern Cinema, 2005<br \/>\u201cWomen in Animation\u201d Women in Film and Video- New England, 2005<br \/>\u201cCal Arts Retrospective\u201d American Film Institute, 2004<br \/>\u201cAbracadaver: The Corporeal Body\u201d Paperveins Biennial, NY, 2004<br \/>\u201cAvant-Garde Shorts\u201d Think Tank-NY, 2004<br \/>\u201cLA Animators Pt II\u201d LA Film Forum, 2004<br \/>\u201cWords In Motion\u201d \/ Transformation\u201d Ottawa Animation Festival, 2004<br \/>\u201cScratch \/ Scratching the Sex\u201d Rotterdam Film Festival, 2001<br \/>\u201cLa Enana Maron\u201d Independent Exposure, 2000<br \/>\u201cVisual Surprise\u201d Balagan, Coolidge Corner Theater, 2001<br \/>\u201cIndependent Exposure\u201d Balagan, Coolidge Corner Theater, 2001<br \/>\u201cRoratorio for Paris\/Berlin\u201d Independent Exposure, 2001 <br \/>\u201cAustin TX Arts Society Fundraiser\u201d 2001<br \/>\u201cBest of MadCat\u201d MadCat USA Tour, 2000<br \/>\u201cNext Sex: Sex in the Age of Its Procreative Superfluousness\u201d Ars Electronica \/ Mix NY, 2000<br \/>\u201cBest of Ottawa\u201d Canadian Film Institute, 2000<br \/>\u201cBest of MixNY\u201d MixNY 2000-2001<br \/>\u201cSizzling Summer Edition\u201d Independent Exposure, 2000<br \/>\u201cExperimental Edition\u201d Independent Exposure, 2000<br \/>\u201cBest of NextFrame, National Student Film Festival\u201d USA tour, 2000<br \/>\u201cBest of Microcinema\u201d International Tour, 1999-2000<\/p>\r\n\r\n\r\n\r\n<p><strong>EXHIBITIONS<\/strong> <br \/><strong>Happy &amp; Gay (2014)<\/strong><br \/>2017 Cabinet of Curiosities and Abilities Exhibition, SESC, Oct 4 \u2013 29, 2017 S\u00e3o Paulo, Brazil. <br \/>Curator Dan\u00edla Barauna and Tha\u00eds Heinisch, SESC Itaquera Cultural Film Programming Office. weblink<br \/>2014 Emily Carr Faculty Exhibition, Emily Carr University of Art &amp; Design, Vancouver BC<br \/>2012 New England Animation All-Stars, Beard &amp; Weil Gallery, Wheaton College, Norton MA<br \/>2012 Mount Oberlin Apology, Enact-Art in the Mind, online exhibition<br \/>Conceptual performance proposal for Oberlin, Ohio residents<br \/>Curators, Professors Nanette Yannuzzi, Oberlin College, and Ann Torke, University of Massachusetts Boston<br \/>2004 New Faculty Exhibition, Carpenter Center, Harvard University, Cambridge, MA<\/p>\r\n<p><strong>everythingwillbeokay (2015)<\/strong><br \/>2015 Emily Carr Faculty Exhibition, Emily Carr University of Art &amp; Design, Vancouver BC<\/p>\r\n<p><strong>Dem Bones Wiggle (2005)<\/strong><br \/>2012 New England Animation All-Stars, Beard &amp; Weil Gallery, Wheaton College, Norton MA<\/p>\r\n<p><strong>Grace (1998)<\/strong><br \/>2013 Cinema Ombiglio, peephole cinema; Orange Alley Projects, San Francisco, CA<br \/>2011 Crossing Currents: Feminism Now, Hera Gallery, Providence, RI <br \/>2011 RISCA Rhode Island State Council of the Arts Fellowship Exhibition, Westerly, RI<br \/>2010 Frame By Frame: Animated at Harvard, Sert Gallery, Harvard University, Cambridge, MA<br \/>Exhibition co-curated by Professor Ruth Lingford and Terah Maher <br \/>2010 Fabulous Viscocity, Queer Art Exhibition, School of the Museum of Fine Arts, Boston, MA<br \/>2005 Corporeal Landscape, AbraCadaver Exhibition, PaperVeins Art Gallery, NYC, NY<br \/>Online and physical space exhibition, curated by Virgil Wong<br \/>2003 Constant Companion: Artists&#8217; Sketchbook Exhibition, Gallery R, Rochester, NY<\/p>\r\n","protected":false},"excerpt":{"rendered":"<p>FILMOGRAPHY \/ PROJECTS2015 \u2013 current&nbsp;&nbsp; Docile Bodies, mixed-media interactive animation installationExamining the human relationship to the virtual 3D digital female body found in online markets 2014 Happy &amp; Gay animated film, 10.12 minutes, 2D Digital, stereo, black and white; 16:9 A revisionist history 1930\u2019s cartoon about homophobia and stereotype. 2012 Mt. Oberlins Apology, online digital [&hellip;]<\/p>\n","protected":false},"author":1,"featured_media":0,"parent":0,"menu_order":0,"comment_status":"closed","ping_status":"closed","template":"","meta":{"_bbp_topic_count":0,"_bbp_reply_count":0,"_bbp_total_topic_count":0,"_bbp_total_reply_count":0,"_bbp_voice_count":0,"_bbp_anonymous_reply_count":0,"_bbp_topic_count_hidden":0,"_bbp_reply_count_hidden":0,"_bbp_forum_subforum_count":0,"ngg_post_thumbnail":0,"footnotes":""},"class_list":["post-925","page","type-page","status-publish","hentry"],"_links":{"self":[{"href":"http:\/\/loreleipepi.com\/news\/wp-json\/wp\/v2\/pages\/925","targetHints":{"allow":["GET"]}}],"collection":[{"href":"http:\/\/loreleipepi.com\/news\/wp-json\/wp\/v2\/pages"}],"about":[{"href":"http:\/\/loreleipepi.com\/news\/wp-json\/wp\/v2\/types\/page"}],"author":[{"embeddable":true,"href":"http:\/\/loreleipepi.com\/news\/wp-json\/wp\/v2\/users\/1"}],"replies":[{"embeddable":true,"href":"http:\/\/loreleipepi.com\/news\/wp-json\/wp\/v2\/comments?post=925"}],"version-history":[{"count":25,"href":"http:\/\/loreleipepi.com\/news\/wp-json\/wp\/v2\/pages\/925\/revisions"}],"predecessor-version":[{"id":995,"href":"http:\/\/loreleipepi.com\/news\/wp-json\/wp\/v2\/pages\/925\/revisions\/995"}],"wp:attachment":[{"href":"http:\/\/loreleipepi.com\/news\/wp-json\/wp\/v2\/media?parent=925"}],"curies":[{"name":"wp","href":"https:\/\/api.w.org\/{rel}","templated":true}]}}